{"id":74,"date":"2022-04-27T16:57:11","date_gmt":"2022-04-27T16:57:11","guid":{"rendered":"https:\/\/www.kaupenjohann.de\/?page_id=74"},"modified":"2022-12-24T15:01:19","modified_gmt":"2022-12-24T15:01:19","slug":"zitrone-schluessel-ball","status":"publish","type":"page","link":"https:\/\/www.kaupenjohann.de\/index.php\/projekte\/zitrone-schluessel-ball\/","title":{"rendered":"zitrone schl\u00fcssel ball"},"content":{"rendered":"\t\t<div data-elementor-type=\"wp-page\" data-elementor-id=\"74\" class=\"elementor elementor-74\">\n\t\t\t\t\t\t<section class=\"elementor-section elementor-top-section elementor-element elementor-element-7e13578 elementor-section-boxed elementor-section-height-default elementor-section-height-default\" data-id=\"7e13578\" data-element_type=\"section\" data-e-type=\"section\">\n\t\t\t\t\t\t<div class=\"elementor-container elementor-column-gap-default\">\n\t\t\t\t\t<div class=\"elementor-column elementor-col-100 elementor-top-column elementor-element elementor-element-a29471e\" data-id=\"a29471e\" data-element_type=\"column\" data-e-type=\"column\">\n\t\t\t<div class=\"elementor-widget-wrap elementor-element-populated\">\n\t\t\t\t\t\t<div class=\"elementor-element elementor-element-5784165 elementor-widget elementor-widget-heading\" data-id=\"5784165\" data-element_type=\"widget\" data-e-type=\"widget\" data-widget_type=\"heading.default\">\n\t\t\t\t<div class=\"elementor-widget-container\">\n\t\t\t\t\t<h2 class=\"elementor-heading-title elementor-size-default\"><p style=\"margin-bottom: 0cm;line-height: 100%\"><font color=\"#cc0000\"><font face=\"TrixiePlain\"><font style=\"font-size: 20pt\" size=\"2\"><b>ein h\u00f6rst\u00fcck \u00fcber das verschwinden<\/b><\/font><\/font><\/font><\/p>\n<\/h2>\t\t\t\t<\/div>\n\t\t\t\t<\/div>\n\t\t\t\t\t<\/div>\n\t\t<\/div>\n\t\t\t\t\t<\/div>\n\t\t<\/section>\n\t\t\t\t<section class=\"elementor-section elementor-top-section elementor-element elementor-element-a75119e elementor-section-boxed elementor-section-height-default elementor-section-height-default\" data-id=\"a75119e\" data-element_type=\"section\" data-e-type=\"section\">\n\t\t\t\t\t\t<div class=\"elementor-container elementor-column-gap-default\">\n\t\t\t\t\t<div class=\"elementor-column elementor-col-100 elementor-top-column elementor-element elementor-element-6c0657c\" data-id=\"6c0657c\" data-element_type=\"column\" data-e-type=\"column\">\n\t\t\t<div class=\"elementor-widget-wrap elementor-element-populated\">\n\t\t\t\t\t\t<div class=\"elementor-element elementor-element-f28be83 elementor-widget elementor-widget-text-editor\" data-id=\"f28be83\" data-element_type=\"widget\" data-e-type=\"widget\" data-widget_type=\"text-editor.default\">\n\t\t\t\t<div class=\"elementor-widget-container\">\n\t\t\t\t\t\t\t\t\t<p style=\"margin-top: 0.2cm; margin-bottom: 0.1cm; line-height: 130%;\"><span style=\"font-family: TrixiePlain; color: #000000;\"><span style=\"font-size: 16pt;\"><b><span style=\"color: #022944;\">\u201eUm schnell zu ermitteln, wie es um die geistige Leistungs\u00adf\u00e4hig\u00adkeit eines Menschen bestellt ist, gibt es den <i>Minimal-Mental-Status-Test<\/i>, kurz: MMST. Mit den f\u00fcr diesen Test zusammen\u00adgestellten Fragen und \u00dcbungen soll in erster Linie fest\u00adgestellt werden, ob eine Person Anzeichen von Demenz aufweist. Eine Stelle des MMST betrifft die Merk\u00adf\u00e4hig\u00adkeit, dort muss die Testperson drei Begriffe wiederholen: <i>Zitrone<\/i>, <i>Schl\u00fcssel<\/i> und <i>Ball<\/i>.<\/span><br \/><\/b><\/span><\/span><\/p><p style=\"margin-bottom: 0.3cm; line-height: 100%;\">\u00a0<\/p>\t\t\t\t\t\t\t\t<\/div>\n\t\t\t\t<\/div>\n\t\t\t\t<div class=\"elementor-element elementor-element-9a1a8ba elementor-widget elementor-widget-image\" data-id=\"9a1a8ba\" data-element_type=\"widget\" data-e-type=\"widget\" data-widget_type=\"image.default\">\n\t\t\t\t<div class=\"elementor-widget-container\">\n\t\t\t\t\t\t\t\t\t\t\t\t\t\t\t<img fetchpriority=\"high\" decoding=\"async\" width=\"600\" height=\"600\" src=\"https:\/\/i0.wp.com\/www.kaupenjohann.de\/wp-content\/uploads\/2022\/04\/Lochstreifen-Finale.jpg?fit=600%2C600&amp;ssl=1\" class=\"attachment-large size-large wp-image-77\" alt=\"\" srcset=\"https:\/\/i0.wp.com\/www.kaupenjohann.de\/wp-content\/uploads\/2022\/04\/Lochstreifen-Finale.jpg?w=600&amp;ssl=1 600w, https:\/\/i0.wp.com\/www.kaupenjohann.de\/wp-content\/uploads\/2022\/04\/Lochstreifen-Finale.jpg?resize=300%2C300&amp;ssl=1 300w, https:\/\/i0.wp.com\/www.kaupenjohann.de\/wp-content\/uploads\/2022\/04\/Lochstreifen-Finale.jpg?resize=150%2C150&amp;ssl=1 150w\" sizes=\"(max-width: 600px) 100vw, 600px\" \/>\t\t\t\t\t\t\t\t\t\t\t\t\t\t\t<\/div>\n\t\t\t\t<\/div>\n\t\t\t\t\t<\/div>\n\t\t<\/div>\n\t\t\t\t\t<\/div>\n\t\t<\/section>\n\t\t\t\t<section class=\"elementor-section elementor-top-section elementor-element elementor-element-56899e9 elementor-section-boxed elementor-section-height-default elementor-section-height-default\" data-id=\"56899e9\" data-element_type=\"section\" data-e-type=\"section\">\n\t\t\t\t\t\t<div class=\"elementor-container elementor-column-gap-default\">\n\t\t\t\t\t<div class=\"elementor-column elementor-col-100 elementor-top-column elementor-element elementor-element-b127ef5\" data-id=\"b127ef5\" data-element_type=\"column\" data-e-type=\"column\">\n\t\t\t<div class=\"elementor-widget-wrap elementor-element-populated\">\n\t\t\t\t\t\t<div class=\"elementor-element elementor-element-911f9d5 elementor-widget elementor-widget-text-editor\" data-id=\"911f9d5\" data-element_type=\"widget\" data-e-type=\"widget\" data-widget_type=\"text-editor.default\">\n\t\t\t\t<div class=\"elementor-widget-container\">\n\t\t\t\t\t\t\t\t\t<p style=\"margin-top: 0.2cm; margin-bottom: 0.1cm; line-height: 130%;\"><span style=\"font-family: TrixiePlain; color: #022944;\"><span style=\"font-size: 16pt;\"><b>Dass dieses Begriffstrio auch Ulrich Grebs H\u00f6rspiel den Titel gegeben hat, ist selbst\u00adredend kein Zufall, denn das dokumentarisch grundierte St\u00fcck widmet sich den mit steigender Lebenserwartung in der heutigen Gesellschaft immer h\u00e4ufiger auf\u00adtretenden Demenzerkrankungen.\u201c<\/b><\/span><\/span><\/p><p style=\"margin-top: 0.2cm; margin-bottom: 0cm; line-height: 100%;\"><span style=\"font-family: TrixiePlain; color: #022944;\"><span style=\"font-size: big;\"><b>Rafik Will, medienkorrespondenz.de, Dez. 2016<\/b><\/span><\/span><\/p>\t\t\t\t\t\t\t\t<\/div>\n\t\t\t\t<\/div>\n\t\t\t\t\t<\/div>\n\t\t<\/div>\n\t\t\t\t\t<\/div>\n\t\t<\/section>\n\t\t\t\t<section class=\"elementor-section elementor-top-section elementor-element elementor-element-af2e262 elementor-section-boxed elementor-section-height-default elementor-section-height-default\" data-id=\"af2e262\" data-element_type=\"section\" data-e-type=\"section\">\n\t\t\t\t\t\t<div class=\"elementor-container elementor-column-gap-default\">\n\t\t\t\t\t<div class=\"elementor-column elementor-col-100 elementor-top-column elementor-element elementor-element-9173562\" data-id=\"9173562\" data-element_type=\"column\" data-e-type=\"column\">\n\t\t\t<div class=\"elementor-widget-wrap elementor-element-populated\">\n\t\t\t\t\t\t<div class=\"elementor-element elementor-element-f1b0830 elementor-widget elementor-widget-image\" data-id=\"f1b0830\" data-element_type=\"widget\" data-e-type=\"widget\" data-widget_type=\"image.default\">\n\t\t\t\t<div class=\"elementor-widget-container\">\n\t\t\t\t\t\t\t\t\t\t\t\t\t\t\t<img decoding=\"async\" width=\"600\" height=\"600\" src=\"https:\/\/i0.wp.com\/www.kaupenjohann.de\/wp-content\/uploads\/2022\/04\/Gesamtbild-Tisch.jpg?fit=600%2C600&amp;ssl=1\" class=\"attachment-large size-large wp-image-78\" alt=\"\" srcset=\"https:\/\/i0.wp.com\/www.kaupenjohann.de\/wp-content\/uploads\/2022\/04\/Gesamtbild-Tisch.jpg?w=600&amp;ssl=1 600w, https:\/\/i0.wp.com\/www.kaupenjohann.de\/wp-content\/uploads\/2022\/04\/Gesamtbild-Tisch.jpg?resize=300%2C300&amp;ssl=1 300w, https:\/\/i0.wp.com\/www.kaupenjohann.de\/wp-content\/uploads\/2022\/04\/Gesamtbild-Tisch.jpg?resize=150%2C150&amp;ssl=1 150w\" sizes=\"(max-width: 600px) 100vw, 600px\" \/>\t\t\t\t\t\t\t\t\t\t\t\t\t\t\t<\/div>\n\t\t\t\t<\/div>\n\t\t\t\t\t<\/div>\n\t\t<\/div>\n\t\t\t\t\t<\/div>\n\t\t<\/section>\n\t\t\t\t<section class=\"elementor-section elementor-top-section elementor-element elementor-element-2a16b69 elementor-section-boxed elementor-section-height-default elementor-section-height-default\" data-id=\"2a16b69\" data-element_type=\"section\" data-e-type=\"section\">\n\t\t\t\t\t\t<div class=\"elementor-container elementor-column-gap-default\">\n\t\t\t\t\t<div class=\"elementor-column elementor-col-100 elementor-top-column elementor-element elementor-element-396e9c4\" data-id=\"396e9c4\" data-element_type=\"column\" data-e-type=\"column\">\n\t\t\t<div class=\"elementor-widget-wrap elementor-element-populated\">\n\t\t\t\t\t\t<div class=\"elementor-element elementor-element-41bada8 elementor-invisible elementor-widget elementor-widget-text-editor\" data-id=\"41bada8\" data-element_type=\"widget\" data-e-type=\"widget\" data-settings=\"{&quot;_animation&quot;:&quot;fadeIn&quot;}\" data-widget_type=\"text-editor.default\">\n\t\t\t\t<div class=\"elementor-widget-container\">\n\t\t\t\t\t\t\t\t\t<p style=\"margin-top: 0.2cm; margin-bottom: 0.1cm; line-height: 130%;\"><span style=\"font-family: TrixiePlain; color: #022944;\"><span style=\"font-size: 16pt;\"><b>Der Musiker Ralf Kaupenjohann hat mit <em>Zitrone Schl\u00fcssel Ball<\/em> ein H\u00f6rst\u00fcck produziert, welches mit einem Musiker und vier Lautsprechern aufgef\u00fchrt werden kann. Das Publikum sitzt im Kreis, in der Mitte der Musiker. Die Texte, aber auch die Ger\u00e4usche und Kl\u00e4nge, kommen aus den vier Raumecken. Es entsteht ein komplexes Klangerlebnis, dem man sich nicht entziehen kann. Nach der Auff\u00fchrung ist eine Gespr\u00e4chsrunde mit dem Publikum obligatorisch.<\/b><\/span><\/span><\/p><p style=\"margin-top: 0.2cm; margin-bottom: 0.1cm; line-height: 130%;\"><span style=\"font-family: TrixiePlain; color: #022944;\"><span style=\"font-size: 16pt;\"><br \/><b>Der Text stammt von Ulrich Greb, dem Intendanten des Moerser Schloss\u00adtheaters. Die Grundlage f\u00fcr das Manuskript bilden Interviews und Gespr\u00e4che mit dementen Menschen und ihren Angeh\u00f6rigen, mit Selbsthilfe\u00adgruppen, Pflegern und \u00c4rzten. F\u00fcnf SchauspielerInnen leihen den agierenden Personen ihre Stimmen.<\/b><\/span><\/span><\/p><hr \/><p style=\"margin-top: 0.2cm; margin-bottom: 0.1cm; line-height: 130%;\"><span style=\"font-family: TrixiePlain; color: #022944;\"><span style=\"font-size: 16pt;\"><br \/><b>\u201eIch habe dieses St\u00fcck im Rahmen des renommierten <i>moers festival<\/i> bei einer Auff\u00fchrung im Dunkelzelt kennengelernt. Ulrich Greb bat mich, bei der Umformung des gleichnamigen Theaterst\u00fccks in ein H\u00f6rst\u00fcck auf meinem Akkordeon Zwischenmusiken zu spielen. Nach ersten Gespr\u00e4chen wurde schnell klar, dass diese Thematik in einer derartigen au\u00dfer\u00adgew\u00f6hnlichen Spiel\u00adst\u00e4tte und Anord\u00adnung von Publikum und Akteuren mehr ben\u00f6tigt als eine musikalische Unter\u00admalung. Kurz nach dieser Auf\u00adf\u00fchrung wurde bei meinem Vater Morbus Alz\u00adheimer diagnostiziert, was auch zu seinem Tod f\u00fchrte. Es ist mir daher ein pers\u00f6n\u00adliches Anliegen, dieses St\u00fcck einem gr\u00f6\u00dferen Kreis von Menschen bekannt zu machen. Um den organisa\u00adtorischen Rahmen \u00fcber\u00adschaubar zu halten, ent\u00adstand die Idee der hybriden Live-Performance: Die Texte und erg\u00e4n\u00adzenden Ger\u00e4usche und Kl\u00e4nge werden technisch wieder\u00adgegeben, die Musik erklingt live. In meiner Arbeit mit <i>Ensemble DRAj<\/i> ist mir das Lied <i>kinderjorn<\/i> (Kindheit) sehr ans Herz gewachsen, es bildet den thematischen Leitfaden.\u201c<\/b><\/span><\/span><\/p><p style=\"margin-top: 0.2cm; margin-bottom: 0.2cm; line-height: 100%;\"><span style=\"font-family: TrixiePlain; color: #022944;\"><span style=\"font-size: big;\"><b>Ralf Kaupenjohann<\/b><\/span><\/span><\/p><hr \/><p style=\"margin-top: 0.2cm; margin-bottom: 0.2cm; line-height: 100%;\">\u00a0<\/p>\t\t\t\t\t\t\t\t<\/div>\n\t\t\t\t<\/div>\n\t\t\t\t\t<\/div>\n\t\t<\/div>\n\t\t\t\t\t<\/div>\n\t\t<\/section>\n\t\t\t\t<section class=\"elementor-section elementor-top-section elementor-element elementor-element-3103647 elementor-section-boxed elementor-section-height-default elementor-section-height-default\" data-id=\"3103647\" data-element_type=\"section\" data-e-type=\"section\">\n\t\t\t\t\t\t<div class=\"elementor-container elementor-column-gap-default\">\n\t\t\t\t\t<div class=\"elementor-column elementor-col-100 elementor-top-column elementor-element elementor-element-318e69d\" data-id=\"318e69d\" data-element_type=\"column\" data-e-type=\"column\">\n\t\t\t<div class=\"elementor-widget-wrap elementor-element-populated\">\n\t\t\t\t\t\t<div class=\"elementor-element elementor-element-c83716a elementor-widget elementor-widget-text-editor\" data-id=\"c83716a\" data-element_type=\"widget\" data-e-type=\"widget\" data-widget_type=\"text-editor.default\">\n\t\t\t\t<div class=\"elementor-widget-container\">\n\t\t\t\t\t\t\t\t\t<p style=\"margin-top: 0.2cm; margin-bottom: 0.1cm; line-height: 130%;\"><span style=\"font-family: TrixiePlain; color: #cc0000;\"><span style=\"font-size: 20pt;\"><b>referenzen:<\/b><\/span><\/span><\/p><p>\u00a0<\/p><ul><li style=\"list-style-type: none;\"><ul><li style=\"line-height: 130%;\"><span style=\"font-family: TrixiePlain; color: #022944;\"><span style=\"font-size: 16pt;\"><b>nominiert f\u00fcr den <i><b>Preis der Deutschen Schallplattenkritik <\/b><\/i><\/b><\/span><\/span><\/li><li style=\"line-height: 130%;\"><span style=\"font-family: TrixiePlain; color: #022944;\"><span style=\"font-size: 16pt;\"><b>Auff\u00fchrung im Schlosstheater Moers 2015<\/b><\/span><\/span><\/li><li style=\"line-height: 130%;\"><span style=\"font-family: TrixiePlain; color: #022944;\"><span style=\"font-size: 16pt;\"><b>nominiert als H\u00f6rspiel des Monats November 2016 auf <i><b>h\u00f6rspielkritik.de<\/b><\/i><\/b><\/span><\/span><\/li><li style=\"line-height: 130%;\"><span style=\"color: #022944;\"><span style=\"font-family: TrixiePlain;\"><span style=\"font-size: 16pt;\"><b>Erstsendung im Radio Bozen des <b>italienischen Staats-Senders RAI am 9. Septzember 2016<\/b><\/b><\/span><\/span><b><\/b><\/span><\/li><li style=\"line-height: 130%;\"><span style=\"color: #022944;\"><b><span style=\"font-family: TrixiePlain;\"><span style=\"font-size: 16pt;\"><b>Deutsche Erstsendung im Radio Bremen am 20.\/21. November 2016<\/b><\/span><\/span><\/b><\/span><\/li><\/ul><\/li><\/ul>\t\t\t\t\t\t\t\t<\/div>\n\t\t\t\t<\/div>\n\t\t\t\t\t<\/div>\n\t\t<\/div>\n\t\t\t\t\t<\/div>\n\t\t<\/section>\n\t\t\t\t<section class=\"elementor-section elementor-top-section elementor-element elementor-element-937586d elementor-section-boxed elementor-section-height-default elementor-section-height-default\" data-id=\"937586d\" data-element_type=\"section\" data-e-type=\"section\">\n\t\t\t\t\t\t<div class=\"elementor-container elementor-column-gap-default\">\n\t\t\t\t\t<div class=\"elementor-column elementor-col-100 elementor-top-column elementor-element elementor-element-78f3a86\" data-id=\"78f3a86\" data-element_type=\"column\" data-e-type=\"column\">\n\t\t\t<div class=\"elementor-widget-wrap elementor-element-populated\">\n\t\t\t\t\t\t<div class=\"elementor-element elementor-element-8aa9533 elementor-invisible elementor-widget elementor-widget-image\" data-id=\"8aa9533\" data-element_type=\"widget\" data-e-type=\"widget\" data-settings=\"{&quot;_animation&quot;:&quot;fadeIn&quot;}\" data-widget_type=\"image.default\">\n\t\t\t\t<div class=\"elementor-widget-container\">\n\t\t\t\t\t\t\t\t\t\t\t\t\t\t\t<img decoding=\"async\" width=\"600\" height=\"600\" src=\"https:\/\/i0.wp.com\/www.kaupenjohann.de\/wp-content\/uploads\/2022\/04\/Kaffemuehle.jpg?fit=600%2C600&amp;ssl=1\" class=\"attachment-large size-large wp-image-79\" alt=\"\" srcset=\"https:\/\/i0.wp.com\/www.kaupenjohann.de\/wp-content\/uploads\/2022\/04\/Kaffemuehle.jpg?w=600&amp;ssl=1 600w, https:\/\/i0.wp.com\/www.kaupenjohann.de\/wp-content\/uploads\/2022\/04\/Kaffemuehle.jpg?resize=300%2C300&amp;ssl=1 300w, https:\/\/i0.wp.com\/www.kaupenjohann.de\/wp-content\/uploads\/2022\/04\/Kaffemuehle.jpg?resize=150%2C150&amp;ssl=1 150w\" sizes=\"(max-width: 600px) 100vw, 600px\" \/>\t\t\t\t\t\t\t\t\t\t\t\t\t\t\t<\/div>\n\t\t\t\t<\/div>\n\t\t\t\t<div class=\"elementor-element elementor-element-7a472e6 elementor-widget elementor-widget-text-editor\" data-id=\"7a472e6\" data-element_type=\"widget\" data-e-type=\"widget\" data-widget_type=\"text-editor.default\">\n\t\t\t\t<div class=\"elementor-widget-container\">\n\t\t\t\t\t\t\t\t\t<p style=\"margin-top: 0.2cm; margin-bottom: 0.1cm; line-height: 130%;\"><span style=\"font-family: TrixiePlain; color: #cc0000;\"><span style=\"font-size: 20pt;\"><b>presse:<\/b><\/span><\/span><\/p><p style=\"margin-top: 0.2cm; margin-bottom: 0.1cm; line-height: 130%;\"><span style=\"font-family: TrixiePlain; color: #000000;\"><span style=\"font-size: 16pt;\"><b><br \/><span style=\"color: #022944;\">\u201eUnd so kann man sagen, dass dem von Akkordeonmusik untermalten H\u00f6rspiel etwas gelingt, was bei der Besch\u00e4ftigung mit Demenz gar nicht so einfach ist: Die Tr\u00e4ger dieses Krankheitsbildes werden nicht (nur) eingesetzt, um als passive Betrachtungsobjekte beim H\u00f6rer Mitleid zu erregen oder auch Belustigung hervorzurufen, sondern sie werden als Repr\u00e4sen\u00adtanten eines sozialen Ph\u00e4nomens in Szene gesetzt; eine besondere Bedeutung kommt dabei ihrem Umfeld zu.\u201c<\/span><\/b><\/span><\/span><\/p><p style=\"margin-top: 0.2cm; margin-bottom: 0.2cm; line-height: 100%;\"><span style=\"font-family: TrixiePlain; color: #022944;\"><span style=\"font-size: big;\"><b>Rafik Will, medienkorrespondenz.de, Dez. 2016<\/b><\/span><\/span><\/p><hr \/>\t\t\t\t\t\t\t\t<\/div>\n\t\t\t\t<\/div>\n\t\t\t\t\t<\/div>\n\t\t<\/div>\n\t\t\t\t\t<\/div>\n\t\t<\/section>\n\t\t\t\t<section class=\"elementor-section elementor-top-section elementor-element elementor-element-89b08cc elementor-section-boxed elementor-section-height-default elementor-section-height-default\" data-id=\"89b08cc\" data-element_type=\"section\" data-e-type=\"section\">\n\t\t\t\t\t\t<div class=\"elementor-container elementor-column-gap-default\">\n\t\t\t\t\t<div class=\"elementor-column elementor-col-100 elementor-top-column elementor-element elementor-element-17a5b44\" data-id=\"17a5b44\" data-element_type=\"column\" data-e-type=\"column\">\n\t\t\t<div class=\"elementor-widget-wrap elementor-element-populated\">\n\t\t\t\t\t\t<div class=\"elementor-element elementor-element-3bcf86d elementor-widget elementor-widget-text-editor\" data-id=\"3bcf86d\" data-element_type=\"widget\" data-e-type=\"widget\" data-widget_type=\"text-editor.default\">\n\t\t\t\t<div class=\"elementor-widget-container\">\n\t\t\t\t\t\t\t\t\t<p><span style=\"font-family: TrixiePlain; color: #cc0000;\"><span style=\"font-size: 20pt;\"><b>info &amp; buchung:<\/b><\/span><\/span><\/p><p style=\"margin-top: 0.2cm; margin-bottom: 0.1cm; line-height: 130%;\"><span style=\"font-family: TrixiePlain; color: #000000;\"><span style=\"font-size: 16pt;\"><b><span style=\"color: #022944;\">ralf kaupenjohann<\/span><br \/><span style=\"color: #022944;\">wuppertaler str. 424 b<\/span><br \/><span style=\"color: #022944;\">45259 essen<\/span><br \/><span style=\"color: #022944;\">Tel.: 0201 | 46 72 76<\/span><br \/><span style=\"color: #022944;\">Mail: s. <a href=\"https:\/\/www.kaupenjohann.de\/index.php\/impressum\/\" target=\"_blank\" rel=\"noopener\">impressum<\/a><br \/><\/span><\/b><\/span><\/span><\/p>\t\t\t\t\t\t\t\t<\/div>\n\t\t\t\t<\/div>\n\t\t\t\t\t<\/div>\n\t\t<\/div>\n\t\t\t\t\t<\/div>\n\t\t<\/section>\n\t\t\t\t<\/div>\n\t\t","protected":false},"excerpt":{"rendered":"<div class=\"entry-summary\">\nein h\u00f6rst\u00fcck \u00fcber das verschwinden \u201eUm schnell zu ermitteln, wie es um die geistige Leistungs\u00adf\u00e4hig\u00adkeit eines Menschen bestellt ist, gibt&hellip;\n<\/div>\n<div class=\"link-more\"><a href=\"https:\/\/www.kaupenjohann.de\/index.php\/projekte\/zitrone-schluessel-ball\/\" class=\"more-link\">Continue reading<span class=\"screen-reader-text\"> &ldquo;zitrone schl\u00fcssel ball&rdquo;<\/span>&hellip;<\/a><\/div>\n","protected":false},"author":1,"featured_media":0,"parent":33,"menu_order":0,"comment_status":"closed","ping_status":"closed","template":"","meta":{"_acf_changed":false,"footnotes":""},"class_list":["post-74","page","type-page","status-publish","hentry","entry"],"acf":[],"jetpack_sharing_enabled":true,"_links":{"self":[{"href":"https:\/\/www.kaupenjohann.de\/index.php\/wp-json\/wp\/v2\/pages\/74","targetHints":{"allow":["GET"]}}],"collection":[{"href":"https:\/\/www.kaupenjohann.de\/index.php\/wp-json\/wp\/v2\/pages"}],"about":[{"href":"https:\/\/www.kaupenjohann.de\/index.php\/wp-json\/wp\/v2\/types\/page"}],"author":[{"embeddable":true,"href":"https:\/\/www.kaupenjohann.de\/index.php\/wp-json\/wp\/v2\/users\/1"}],"replies":[{"embeddable":true,"href":"https:\/\/www.kaupenjohann.de\/index.php\/wp-json\/wp\/v2\/comments?post=74"}],"version-history":[{"count":73,"href":"https:\/\/www.kaupenjohann.de\/index.php\/wp-json\/wp\/v2\/pages\/74\/revisions"}],"predecessor-version":[{"id":173,"href":"https:\/\/www.kaupenjohann.de\/index.php\/wp-json\/wp\/v2\/pages\/74\/revisions\/173"}],"up":[{"embeddable":true,"href":"https:\/\/www.kaupenjohann.de\/index.php\/wp-json\/wp\/v2\/pages\/33"}],"wp:attachment":[{"href":"https:\/\/www.kaupenjohann.de\/index.php\/wp-json\/wp\/v2\/media?parent=74"}],"curies":[{"name":"wp","href":"https:\/\/api.w.org\/{rel}","templated":true}]}}